{"id":168,"date":"2016-11-23T14:35:57","date_gmt":"2016-11-23T14:35:57","guid":{"rendered":"https:\/\/alfredosorichetti.it\/\/en\/?page_id=168"},"modified":"2026-04-19T09:46:05","modified_gmt":"2026-04-19T09:46:05","slug":"biography","status":"publish","type":"page","link":"https:\/\/alfredosorichetti.it\/en\/biography\/","title":{"rendered":"Biography"},"content":{"rendered":"<h2 style=\"text-align: center; font-family: 'Titillium Web', sans-serif;\">Alfredo Sorichetti<\/h2>\n<h4 style=\"text-align: center; font-family: 'Titillium Web', sans-serif;\"><em>Conductor<\/em><\/h4>\n<p><img loading=\"lazy\" class=\"size-full wp-image-50 alignleft\" src=\"https:\/\/alfredosorichetti.it\/\/wp-content\/uploads\/2016\/11\/sorichetti-bio-e1315646543401.jpg\" alt=\"sorichetti-bio-e1315646543401\" width=\"218\" height=\"400\" srcset=\"https:\/\/alfredosorichetti.it\/wp-content\/uploads\/2016\/11\/sorichetti-bio-e1315646543401.jpg 218w, https:\/\/alfredosorichetti.it\/wp-content\/uploads\/2016\/11\/sorichetti-bio-e1315646543401-164x300.jpg 164w\" sizes=\"(max-width: 218px) 100vw, 218px\" \/><\/p>\n<p>A dynamic and accomplished presence both on the orchestra podium and in the opera pit, Alfredo Sorichetti is highly acclaimed for his energy, enthusiasm and precision that he communicates with great spontaneity.<\/p>\n<p>As an internationally sought-after guest conductor, he has conducted in numerous renowned theatres and concert halls including the Vienna Musikverein Golden Hall, Salzburg Mozarteum, Klagenfurt Konzerthaus, Herkulessaal in der Residenz M\u00fcnchen, Prague Smetana Hall and Dvo\u0159\u00e1k Hall Rudolfinum, Liszt Academy of Budapest and the Arena Sferisterio of Macerata, Khachaturian Concert Hall of Yerevan, the Sala de Conciertos Felipe Villanueva of M\u00e9xico City, Daejeon Art Center in South Korea, the Bulgaria Big Hall of Sofia and the Kazakhstan Central Concert Hall of Astana, conducting prestigious orchestras such as the Orchestre National des Pays de la Loire (ONPL) in France, the Armenian National Philharmonic Orchestra (ANPO), the North Czech Philharmonic Orchestra, the Savaria Symphony Orchestra, the Symphony Orchestra of State of Mexico (OSEM) and the MAV Budapest Symphony Orchestra, Daejeon Symphony Orchestra in South Korea, the Kazakhstan National Symphony Orchestra in Astana, Sofia Philharmonic Orchestra, Bohuslav Martin\u016f Philharmonic Orchestra, Hradek Kr\u00e1lov\u00e9 Philharmonic and Karlovy Vary Symphony Orchestra in Czech Republic, Szolnok Symphony Orchestra in Hungary and the Orquestra Sinf\u00f3nica de Cascais in Portugal.<\/p>\n<p>In Italy he regularly conducts several orchestras; as an Artistic and Music Director of the Orchestra Sinfonica dell&#8217;Adriatico he performed conducting at the Teatro Pergolesi of Jesi, Teatro Ventidio Basso of Ascoli Piceno, Teatro dell\u2019Aquila of Fermo and Teatro Maria Caniglia of Sulmona. Until 2015 he is regularly invited to conduct the ICO Orchestra Sinfonica di Sanremo; he has also conducted the ICO orchestras like Orchestra della Magna Grecia and Orchestra Filarmonica Marchigiana. Other performances include the Orchestra Internazionale d&#8217;Italia, the Orchestra Sinfonica di Matera e della Basilicata and the United Europe Chamber Orchestra (UECO) at the Sala Verdi in Milan and the Festival di Nuova Consonanza in Rome. He have been broadcast on the Italian national programmes of Rai 3 and Radio3 Suite.<\/p>\n<p>As an Artistic and Music Director of the Civitanova all\u2019Opera Season, he has conducted acclaimed productions of classics like <em>La traviata<\/em>,\u00a0<em>Tosca<\/em>,\u00a0<em>Madama Butterfly<\/em>,\u00a0<em>La Boh\u00e8me<\/em>,\u00a0<em>Il barbiere di Siviglia<\/em>,\u00a0<em>Cavalleria rusticana<\/em>,\u00a0<em>Rigoletto,<\/em>\u00a0<em>L\u2019elisir d\u2019amore, Don Giovanni, <\/em><em>Nabucco <\/em>and <em>Cos\u00ec fan tutte<\/em>. His collaborations with worldwide renowned opera singers such as Raina Kabaivanska, In\u00e8s Salazar and Bruno de Simone.<\/p>\n<p>Sorichetti\u2019s achievements extend beyond the stage, with notable appointments like Guest Conductor of the State Opera Varna in the 2022-2024 seasons, where he has led three opera productions per year of Verdi\u2019s timeless operas like <em>Nabucco, Ernani, <\/em><em>Rigoletto<\/em>,\u00a0<em>La traviata<\/em>,\u00a0<em>Il trovatore<\/em>\u00a0e\u00a0<em>Un ballo in maschera<\/em>.<\/p>\n<p>Other apparitions include <em>Evgheny Onegin<\/em> by Tchaikovsky at the Chelyabinsk Opera and Ballet Theatre in Russia: in Italy he conducted <em>La boh\u00e8me<\/em>\u00a0and\u00a0<em>Il barbiere di Siviglia<\/em> at the Teatro Marrucino of Chieti, <em>Evgheny<\/em>,\u00a0<em>La boh\u00e8me<\/em>\u00a0at the Teatro D\u2019Annunzio of Pescara,\u00a0<em>Il barbiere di Siviglia<\/em>,\u00a0<em>Il signor Bruschino<\/em>\u00a0and\u00a0<em>Suor Angelica<\/em>\u00a0in different historical theatres and a selection of\u00a0<em>Die Zauberfl\u00f6te<\/em>\u00a0at the Teatro dell\u2019Aquila of Fermo.<\/p>\n<p>The 2023 season saw him conduct once again in the Golden Hall of the Vienna Musikverein, at the Klagenfurt Konzerhaus and in Mexico <em>L\u2019elisir d\u2019amore<\/em>\u00a0at the 20th Festival \u00d3pera en la Calle of Tijuana, receiving unanimously critical acclaim.<\/p>\n<p>In 2024 he has conducted with great acclaim the opera productions of <em>L&#8217;elisir d&#8217;amore<\/em> and <em>Don Giovanni<\/em> at the Stagione Lirica Civitanova all&#8217;Opera, <em>Il trovatore<\/em>, <em>Nabucco<\/em> and <em>La traviata<\/em> at the State Opera Varna, <em>La traviata<\/em> at the Karaganda Opera in Kazakistan as well as symphonic concerts with the Orchestra Sinfonica dell&#8217;Adriatico in the Italian historical theatres Ventidio Basso of Ascoli Piceno, Annibal Caro of Civitanova Marche and Teatro dell&#8217;Aquila of Fermo.<\/p>\n<p>In December 2025 he received great success conducting the stunning Fifth Symphony by Jean Sibelius with the Orquestra Sinf\u00f3nica de Cascais in Portugal.<\/p>\n<p>The year 2026 has begun conducting the New Year Concert at the Teatro Ventidio Basso of Ascoli Piceno, Italy; in February he has conducted a successful new opera production of <em>Tosca<\/em> at the Teatro Rossini of Civitanova Marche receiving a great acclaim by the public and by the critics.<\/p>\n<p>Alfredo Sorichetti emerged onto the international stage in 2004, securing the Orchestra Favorite Award at the Fourth International Competition for Conductors Vakhtang Jordania. Since then, he has become a sought-after conductor, gracing over twenty countries across Europe, America, and Asia with his masterful performances.<\/p>\n<p>With a rich educational background, Sorichetti\u2019s artistry is finely honed, having studied at the Chigiana Music Academy of Siena, Italy, under esteemed conductor Myung-Whun Chung, the current Music Director of La Scala Theatre of Milan, the legendary conducting teacher Ilija Musin; in addition he has studied with Donato Renzetti, one of the most expert conductor of the Italian operatic repertoire, at the Pescara Music Academy. His passion for music extends to composition under Cesare Celsi, and piano under his mentor Giovanni Valentini at the Rossini Conservatory in Pesaro gratuating with maximum votes, and the famous pianist Sergio Fiorentino, reflecting a multifaceted talent dedicated to enriching the world of classical music.<\/p>\n<p>&nbsp;<\/p>\n<p><em>Biography updated in February 2026<\/em><\/p>\n<p>&nbsp;<\/p>\n<p><span style=\"border-radius: 2px; text-indent: 20px; width: auto; padding: 0px 4px 0px 0px; text-align: center; font: bold 11px\/20px 'Helvetica Neue',Helvetica,sans-serif; color: #ffffff; background: #bd081c no-repeat scroll 3px 50% \/ 14px 14px; position: absolute; opacity: 1; z-index: 8675309; display: none; cursor: pointer;\">Salva<\/span><\/p>\n","protected":false},"excerpt":{"rendered":"<p>Alfredo Sorichetti Conductor A dynamic and accomplished presence both on the orchestra podium and in the opera pit, Alfredo Sorichetti is highly acclaimed for his[&#8230;]<\/p>\n","protected":false},"author":1,"featured_media":0,"parent":0,"menu_order":0,"comment_status":"closed","ping_status":"closed","template":"template-fullwidth.php","meta":[],"yoast_head":"<!-- This site is optimized with the Yoast SEO plugin v16.7 - https:\/\/yoast.com\/wordpress\/plugins\/seo\/ -->\n<title>Biography - Alfredo Sorichetti<\/title>\n<meta name=\"robots\" content=\"index, follow, max-snippet:-1, max-image-preview:large, max-video-preview:-1\" \/>\n<link rel=\"canonical\" href=\"http:\/\/alfredosorichetti.it\/en\/biography\/\" \/>\n<meta property=\"og:locale\" content=\"en_US\" \/>\n<meta property=\"og:type\" content=\"article\" \/>\n<meta property=\"og:title\" content=\"Biography - Alfredo Sorichetti\" \/>\n<meta property=\"og:description\" content=\"Alfredo Sorichetti Conductor A dynamic and accomplished presence both on the orchestra podium and in the opera pit, Alfredo Sorichetti is highly acclaimed for his[...]\" \/>\n<meta property=\"og:url\" content=\"http:\/\/alfredosorichetti.it\/en\/biography\/\" \/>\n<meta property=\"og:site_name\" content=\"Alfredo Sorichetti\" \/>\n<meta property=\"article:modified_time\" content=\"2026-04-19T09:46:05+00:00\" \/>\n<meta property=\"og:image\" content=\"https:\/\/alfredosorichetti.it\/\/wp-content\/uploads\/2016\/11\/sorichetti-bio-e1315646543401.jpg\" \/>\n<meta name=\"twitter:card\" content=\"summary\" \/>\n<meta name=\"twitter:label1\" content=\"Est. reading time\" \/>\n\t<meta name=\"twitter:data1\" content=\"4 minutes\" \/>\n<script type=\"application\/ld+json\" class=\"yoast-schema-graph\">{\"@context\":\"https:\/\/schema.org\",\"@graph\":[{\"@type\":\"WebSite\",\"@id\":\"http:\/\/alfredosorichetti.it\/en\/#website\",\"url\":\"http:\/\/alfredosorichetti.it\/en\/\",\"name\":\"Alfredo Sorichetti\",\"description\":\"\",\"potentialAction\":[{\"@type\":\"SearchAction\",\"target\":{\"@type\":\"EntryPoint\",\"urlTemplate\":\"http:\/\/alfredosorichetti.it\/en\/?s={search_term_string}\"},\"query-input\":\"required name=search_term_string\"}],\"inLanguage\":\"en-US\"},{\"@type\":\"ImageObject\",\"@id\":\"http:\/\/alfredosorichetti.it\/en\/biography\/#primaryimage\",\"inLanguage\":\"en-US\",\"url\":\"https:\/\/alfredosorichetti.it\/\/wp-content\/uploads\/2016\/11\/sorichetti-bio-e1315646543401.jpg\",\"contentUrl\":\"https:\/\/alfredosorichetti.it\/\/wp-content\/uploads\/2016\/11\/sorichetti-bio-e1315646543401.jpg\"},{\"@type\":\"WebPage\",\"@id\":\"http:\/\/alfredosorichetti.it\/en\/biography\/#webpage\",\"url\":\"http:\/\/alfredosorichetti.it\/en\/biography\/\",\"name\":\"Biography - Alfredo Sorichetti\",\"isPartOf\":{\"@id\":\"http:\/\/alfredosorichetti.it\/en\/#website\"},\"primaryImageOfPage\":{\"@id\":\"http:\/\/alfredosorichetti.it\/en\/biography\/#primaryimage\"},\"datePublished\":\"2016-11-23T14:35:57+00:00\",\"dateModified\":\"2026-04-19T09:46:05+00:00\",\"breadcrumb\":{\"@id\":\"http:\/\/alfredosorichetti.it\/en\/biography\/#breadcrumb\"},\"inLanguage\":\"en-US\",\"potentialAction\":[{\"@type\":\"ReadAction\",\"target\":[\"http:\/\/alfredosorichetti.it\/en\/biography\/\"]}]},{\"@type\":\"BreadcrumbList\",\"@id\":\"http:\/\/alfredosorichetti.it\/en\/biography\/#breadcrumb\",\"itemListElement\":[{\"@type\":\"ListItem\",\"position\":1,\"name\":\"Home\",\"item\":\"http:\/\/alfredosorichetti.it\/en\/\"},{\"@type\":\"ListItem\",\"position\":2,\"name\":\"Biography\"}]}]}<\/script>\n<!-- \/ Yoast SEO plugin. -->","yoast_head_json":{"title":"Biography - Alfredo Sorichetti","robots":{"index":"index","follow":"follow","max-snippet":"max-snippet:-1","max-image-preview":"max-image-preview:large","max-video-preview":"max-video-preview:-1"},"canonical":"http:\/\/alfredosorichetti.it\/en\/biography\/","og_locale":"en_US","og_type":"article","og_title":"Biography - Alfredo Sorichetti","og_description":"Alfredo Sorichetti Conductor A dynamic and accomplished presence both on the orchestra podium and in the opera pit, Alfredo Sorichetti is highly acclaimed for his[...]","og_url":"http:\/\/alfredosorichetti.it\/en\/biography\/","og_site_name":"Alfredo Sorichetti","article_modified_time":"2026-04-19T09:46:05+00:00","og_image":[{"url":"https:\/\/alfredosorichetti.it\/\/wp-content\/uploads\/2016\/11\/sorichetti-bio-e1315646543401.jpg"}],"twitter_card":"summary","twitter_misc":{"Est. reading time":"4 minutes"},"schema":{"@context":"https:\/\/schema.org","@graph":[{"@type":"WebSite","@id":"http:\/\/alfredosorichetti.it\/en\/#website","url":"http:\/\/alfredosorichetti.it\/en\/","name":"Alfredo Sorichetti","description":"","potentialAction":[{"@type":"SearchAction","target":{"@type":"EntryPoint","urlTemplate":"http:\/\/alfredosorichetti.it\/en\/?s={search_term_string}"},"query-input":"required name=search_term_string"}],"inLanguage":"en-US"},{"@type":"ImageObject","@id":"http:\/\/alfredosorichetti.it\/en\/biography\/#primaryimage","inLanguage":"en-US","url":"https:\/\/alfredosorichetti.it\/\/wp-content\/uploads\/2016\/11\/sorichetti-bio-e1315646543401.jpg","contentUrl":"https:\/\/alfredosorichetti.it\/\/wp-content\/uploads\/2016\/11\/sorichetti-bio-e1315646543401.jpg"},{"@type":"WebPage","@id":"http:\/\/alfredosorichetti.it\/en\/biography\/#webpage","url":"http:\/\/alfredosorichetti.it\/en\/biography\/","name":"Biography - Alfredo Sorichetti","isPartOf":{"@id":"http:\/\/alfredosorichetti.it\/en\/#website"},"primaryImageOfPage":{"@id":"http:\/\/alfredosorichetti.it\/en\/biography\/#primaryimage"},"datePublished":"2016-11-23T14:35:57+00:00","dateModified":"2026-04-19T09:46:05+00:00","breadcrumb":{"@id":"http:\/\/alfredosorichetti.it\/en\/biography\/#breadcrumb"},"inLanguage":"en-US","potentialAction":[{"@type":"ReadAction","target":["http:\/\/alfredosorichetti.it\/en\/biography\/"]}]},{"@type":"BreadcrumbList","@id":"http:\/\/alfredosorichetti.it\/en\/biography\/#breadcrumb","itemListElement":[{"@type":"ListItem","position":1,"name":"Home","item":"http:\/\/alfredosorichetti.it\/en\/"},{"@type":"ListItem","position":2,"name":"Biography"}]}]}},"_links":{"self":[{"href":"https:\/\/alfredosorichetti.it\/en\/wp-json\/wp\/v2\/pages\/168"}],"collection":[{"href":"https:\/\/alfredosorichetti.it\/en\/wp-json\/wp\/v2\/pages"}],"about":[{"href":"https:\/\/alfredosorichetti.it\/en\/wp-json\/wp\/v2\/types\/page"}],"author":[{"embeddable":true,"href":"https:\/\/alfredosorichetti.it\/en\/wp-json\/wp\/v2\/users\/1"}],"replies":[{"embeddable":true,"href":"https:\/\/alfredosorichetti.it\/en\/wp-json\/wp\/v2\/comments?post=168"}],"version-history":[{"count":187,"href":"https:\/\/alfredosorichetti.it\/en\/wp-json\/wp\/v2\/pages\/168\/revisions"}],"predecessor-version":[{"id":4659,"href":"https:\/\/alfredosorichetti.it\/en\/wp-json\/wp\/v2\/pages\/168\/revisions\/4659"}],"wp:attachment":[{"href":"https:\/\/alfredosorichetti.it\/en\/wp-json\/wp\/v2\/media?parent=168"}],"curies":[{"name":"wp","href":"https:\/\/api.w.org\/{rel}","templated":true}]}}